{"id":47,"date":"2025-05-05T20:16:21","date_gmt":"2025-05-05T20:16:21","guid":{"rendered":"http:\/\/asuniverselgroup.com\/?page_id=47"},"modified":"2025-07-13T14:28:55","modified_gmt":"2025-07-13T14:28:55","slug":"about-us","status":"publish","type":"page","link":"https:\/\/asuniverselgroup.com\/?page_id=47","title":{"rendered":"About Us"},"content":{"rendered":"\t\t<div data-elementor-type=\"wp-page\" data-elementor-id=\"47\" class=\"elementor elementor-47\" data-elementor-settings=\"{&quot;ha_cmc_init_switcher&quot;:&quot;no&quot;}\">\n\t\t\t\t\t\t<section class=\"elementor-section elementor-top-section elementor-element elementor-element-60874dc0 plumber-tittle-banner elementor-section-boxed elementor-section-height-default elementor-section-height-default\" data-id=\"60874dc0\" data-element_type=\"section\" data-settings=\"{&quot;background_background&quot;:&quot;classic&quot;,&quot;_ha_eqh_enable&quot;:false}\">\n\t\t\t\t\t\t<div class=\"elementor-container elementor-column-gap-default\">\n\t\t\t\t\t<div class=\"elementor-column elementor-col-100 elementor-top-column elementor-element elementor-element-5152ba20\" data-id=\"5152ba20\" data-element_type=\"column\">\n\t\t\t<div class=\"elementor-widget-wrap\">\n\t\t\t\t\t\t\t<\/div>\n\t\t<\/div>\n\t\t\t\t\t<\/div>\n\t\t<\/section>\n\t\t\t\t<section class=\"elementor-section elementor-top-section elementor-element elementor-element-2d40543 elementor-section-boxed elementor-section-height-default elementor-section-height-default elementor-invisible\" data-id=\"2d40543\" data-element_type=\"section\" data-settings=\"{&quot;animation&quot;:&quot;fadeInDown&quot;,&quot;_ha_eqh_enable&quot;:false}\">\n\t\t\t\t\t\t<div class=\"elementor-container elementor-column-gap-default\">\n\t\t\t\t\t<div class=\"elementor-column elementor-col-100 elementor-top-column elementor-element elementor-element-151af984\" data-id=\"151af984\" data-element_type=\"column\">\n\t\t\t<div class=\"elementor-widget-wrap elementor-element-populated\">\n\t\t\t\t\t\t<section class=\"elementor-section elementor-inner-section elementor-element elementor-element-19032d46 elementor-section-boxed elementor-section-height-default elementor-section-height-default\" data-id=\"19032d46\" data-element_type=\"section\" data-settings=\"{&quot;_ha_eqh_enable&quot;:false}\">\n\t\t\t\t\t\t<div class=\"elementor-container elementor-column-gap-default\">\n\t\t\t\t\t<div class=\"elementor-column elementor-col-50 elementor-inner-column elementor-element elementor-element-730ef809\" data-id=\"730ef809\" data-element_type=\"column\">\n\t\t\t<div class=\"elementor-widget-wrap elementor-element-populated\">\n\t\t\t\t\t\t<div class=\"elementor-element elementor-element-cf68e63 elementor-widget elementor-widget-image\" data-id=\"cf68e63\" data-element_type=\"widget\" data-widget_type=\"image.default\">\n\t\t\t\t<div class=\"elementor-widget-container\">\n\t\t\t\t\t\t\t\t\t\t\t\t\t\t\t<img fetchpriority=\"high\" decoding=\"async\" width=\"640\" height=\"853\" src=\"https:\/\/asuniverselgroup.com\/wp-content\/uploads\/2025\/05\/WhatsApp-Image-2025-02-18-at-20.36.41-768x1024.jpeg\" class=\"attachment-large size-large wp-image-235\" alt=\"\" srcset=\"https:\/\/asuniverselgroup.com\/wp-content\/uploads\/2025\/05\/WhatsApp-Image-2025-02-18-at-20.36.41-768x1024.jpeg 768w, https:\/\/asuniverselgroup.com\/wp-content\/uploads\/2025\/05\/WhatsApp-Image-2025-02-18-at-20.36.41-225x300.jpeg 225w, https:\/\/asuniverselgroup.com\/wp-content\/uploads\/2025\/05\/WhatsApp-Image-2025-02-18-at-20.36.41.jpeg 810w\" sizes=\"(max-width: 640px) 100vw, 640px\" \/>\t\t\t\t\t\t\t\t\t\t\t\t\t\t\t<\/div>\n\t\t\t\t<\/div>\n\t\t\t\t\t<\/div>\n\t\t<\/div>\n\t\t\t\t<div class=\"elementor-column elementor-col-50 elementor-inner-column elementor-element elementor-element-39869481\" data-id=\"39869481\" data-element_type=\"column\">\n\t\t\t<div class=\"elementor-widget-wrap elementor-element-populated\">\n\t\t\t\t\t\t<div class=\"elementor-element elementor-element-41a2597d elementor-widget elementor-widget-heading\" data-id=\"41a2597d\" data-element_type=\"widget\" data-widget_type=\"heading.default\">\n\t\t\t\t<div class=\"elementor-widget-container\">\n\t\t\t\t\t<h2 class=\"elementor-heading-title elementor-size-default\">A Propos <\/h2>\t\t\t\t<\/div>\n\t\t\t\t<\/div>\n\t\t\t\t<div class=\"elementor-element elementor-element-615b682c elementor-widget elementor-widget-heading\" data-id=\"615b682c\" data-element_type=\"widget\" data-widget_type=\"heading.default\">\n\t\t\t\t<div class=\"elementor-widget-container\">\n\t\t\t\t\t<h2 class=\"elementor-heading-title elementor-size-default\">Nous sommes fiers de r\u00e9soudre tous vos probl\u00e8mes de mani\u00e8re rapide, professionnelle et conviviale.<\/h2>\t\t\t\t<\/div>\n\t\t\t\t<\/div>\n\t\t\t\t<div class=\"elementor-element elementor-element-5bb5bcb0 elementor-widget elementor-widget-text-editor\" data-id=\"5bb5bcb0\" data-element_type=\"widget\" data-widget_type=\"text-editor.default\">\n\t\t\t\t<div class=\"elementor-widget-container\">\n\t\t\t\t\t\t\t\t\t<p>Notre expertise et notre savoir faire permettent de proposer des solutions adapt\u00e9es durables mais \u00e9galement des rev\u00eatements technique et fonctionnel&nbsp;<\/p><div><br><\/div>\t\t\t\t\t\t\t\t<\/div>\n\t\t\t\t<\/div>\n\t\t\t\t<div class=\"elementor-element elementor-element-66f57f7e elementor-widget elementor-widget-text-editor\" data-id=\"66f57f7e\" data-element_type=\"widget\" data-widget_type=\"text-editor.default\">\n\t\t\t\t<div class=\"elementor-widget-container\">\n\t\t\t\t\t\t\t\t\t<p>Nos prestations couvrent l&#8217;\u00e9tude,la conception et la fabrication d&#8217;ensemble m\u00e9cano soud\u00e9 de faible a de tr\u00e8s fortes \u00e9paisseur de la tuyauterie et de chaudronnerie industrielle<\/p>\t\t\t\t\t\t\t\t<\/div>\n\t\t\t\t<\/div>\n\t\t\t\t<div class=\"elementor-element elementor-element-26dbe9d0 elementor-widget elementor-widget-text-editor\" data-id=\"26dbe9d0\" data-element_type=\"widget\" data-widget_type=\"text-editor.default\">\n\t\t\t\t<div class=\"elementor-widget-container\">\n\t\t\t\t\t\t\t\t\t<p>Notre exp\u00e9rience a juger qu&#8217;avec tout nos projets de r\u00e9alis\u00e9s sur le sablage et la peinture<\/p><p>Nous garantissons la qualit\u00e9 des produits<\/p>\t\t\t\t\t\t\t\t<\/div>\n\t\t\t\t<\/div>\n\t\t\t\t\t<\/div>\n\t\t<\/div>\n\t\t\t\t\t<\/div>\n\t\t<\/section>\n\t\t\t\t\t<\/div>\n\t\t<\/div>\n\t\t\t\t\t<\/div>\n\t\t<\/section>\n\t\t\t\t<section class=\"elementor-section elementor-top-section elementor-element elementor-element-5b23428d elementor-section-boxed elementor-section-height-default elementor-section-height-default elementor-invisible\" data-id=\"5b23428d\" data-element_type=\"section\" data-settings=\"{&quot;background_background&quot;:&quot;classic&quot;,&quot;animation&quot;:&quot;slideInLeft&quot;,&quot;_ha_eqh_enable&quot;:false}\">\n\t\t\t\t\t\t<div class=\"elementor-container elementor-column-gap-default\">\n\t\t\t\t\t<div class=\"elementor-column elementor-col-100 elementor-top-column elementor-element elementor-element-24d75eb7\" data-id=\"24d75eb7\" data-element_type=\"column\">\n\t\t\t<div class=\"elementor-widget-wrap elementor-element-populated\">\n\t\t\t\t\t\t<div class=\"elementor-element elementor-element-3a45b6b9 elementor-widget elementor-widget-heading\" data-id=\"3a45b6b9\" data-element_type=\"widget\" data-widget_type=\"heading.default\">\n\t\t\t\t<div class=\"elementor-widget-container\">\n\t\t\t\t\t<h2 class=\"elementor-heading-title elementor-size-default\">Ce que nous faisons<\/h2>\t\t\t\t<\/div>\n\t\t\t\t<\/div>\n\t\t\t\t<div class=\"elementor-element elementor-element-6a0e2f2e plumber-about-us-what-we-do elementor-widget elementor-widget-heading\" data-id=\"6a0e2f2e\" data-element_type=\"widget\" data-widget_type=\"heading.default\">\n\t\t\t\t<div class=\"elementor-widget-container\">\n\t\t\t\t\t<h2 class=\"elementor-heading-title elementor-size-default\">Nous proposons <b>des services fiables et professionnels<\/b> \n pour la majorit\u00e9 des syst\u00e8mes industriels et techniques.<\/h2>\t\t\t\t<\/div>\n\t\t\t\t<\/div>\n\t\t\t\t<section class=\"elementor-section elementor-inner-section elementor-element elementor-element-27e16f7a elementor-section-boxed elementor-section-height-default elementor-section-height-default\" data-id=\"27e16f7a\" data-element_type=\"section\" data-settings=\"{&quot;_ha_eqh_enable&quot;:false}\">\n\t\t\t\t\t\t<div class=\"elementor-container elementor-column-gap-default\">\n\t\t\t\t\t<div class=\"elementor-column elementor-col-25 elementor-inner-column elementor-element elementor-element-278a6dea\" data-id=\"278a6dea\" data-element_type=\"column\">\n\t\t\t<div class=\"elementor-widget-wrap elementor-element-populated\">\n\t\t\t\t\t\t<div class=\"elementor-element elementor-element-1c852cd elementor-widget elementor-widget-counter\" data-id=\"1c852cd\" data-element_type=\"widget\" data-widget_type=\"counter.default\">\n\t\t\t\t<div class=\"elementor-widget-container\">\n\t\t\t\t\t\t\t<div class=\"elementor-counter\">\n\t\t\t<div class=\"elementor-counter-title\">Satisfied Clients<\/div>\t\t\t<div class=\"elementor-counter-number-wrapper\">\n\t\t\t\t<span class=\"elementor-counter-number-prefix\"><\/span>\n\t\t\t\t<span class=\"elementor-counter-number\" data-duration=\"2000\" data-to-value=\"2\" data-from-value=\"0\" data-delimiter=\",\">0<\/span>\n\t\t\t\t<span class=\"elementor-counter-number-suffix\">k+<\/span>\n\t\t\t<\/div>\n\t\t<\/div>\n\t\t\t\t\t\t<\/div>\n\t\t\t\t<\/div>\n\t\t\t\t\t<\/div>\n\t\t<\/div>\n\t\t\t\t<div class=\"elementor-column elementor-col-25 elementor-inner-column elementor-element elementor-element-687057b2\" data-id=\"687057b2\" data-element_type=\"column\">\n\t\t\t<div class=\"elementor-widget-wrap elementor-element-populated\">\n\t\t\t\t\t\t<div class=\"elementor-element elementor-element-5bf24998 elementor-widget elementor-widget-counter\" data-id=\"5bf24998\" data-element_type=\"widget\" data-widget_type=\"counter.default\">\n\t\t\t\t<div class=\"elementor-widget-container\">\n\t\t\t\t\t\t\t<div class=\"elementor-counter\">\n\t\t\t<div class=\"elementor-counter-title\">Plumber Members<\/div>\t\t\t<div class=\"elementor-counter-number-wrapper\">\n\t\t\t\t<span class=\"elementor-counter-number-prefix\"><\/span>\n\t\t\t\t<span class=\"elementor-counter-number\" data-duration=\"2000\" data-to-value=\"423\" data-from-value=\"0\" data-delimiter=\",\">0<\/span>\n\t\t\t\t<span class=\"elementor-counter-number-suffix\">+<\/span>\n\t\t\t<\/div>\n\t\t<\/div>\n\t\t\t\t\t\t<\/div>\n\t\t\t\t<\/div>\n\t\t\t\t\t<\/div>\n\t\t<\/div>\n\t\t\t\t<div class=\"elementor-column elementor-col-25 elementor-inner-column elementor-element elementor-element-282102ad\" data-id=\"282102ad\" data-element_type=\"column\">\n\t\t\t<div class=\"elementor-widget-wrap elementor-element-populated\">\n\t\t\t\t\t\t<div class=\"elementor-element elementor-element-2583704c elementor-widget elementor-widget-counter\" data-id=\"2583704c\" data-element_type=\"widget\" data-widget_type=\"counter.default\">\n\t\t\t\t<div class=\"elementor-widget-container\">\n\t\t\t\t\t\t\t<div class=\"elementor-counter\">\n\t\t\t<div class=\"elementor-counter-title\">Active Projects<\/div>\t\t\t<div class=\"elementor-counter-number-wrapper\">\n\t\t\t\t<span class=\"elementor-counter-number-prefix\"><\/span>\n\t\t\t\t<span class=\"elementor-counter-number\" data-duration=\"2000\" data-to-value=\"975\" data-from-value=\"0\" data-delimiter=\",\">0<\/span>\n\t\t\t\t<span class=\"elementor-counter-number-suffix\">k+<\/span>\n\t\t\t<\/div>\n\t\t<\/div>\n\t\t\t\t\t\t<\/div>\n\t\t\t\t<\/div>\n\t\t\t\t\t<\/div>\n\t\t<\/div>\n\t\t\t\t<div class=\"elementor-column elementor-col-25 elementor-inner-column elementor-element elementor-element-733531dc\" data-id=\"733531dc\" data-element_type=\"column\">\n\t\t\t<div class=\"elementor-widget-wrap elementor-element-populated\">\n\t\t\t\t\t\t<div class=\"elementor-element elementor-element-5cbc0729 elementor-widget elementor-widget-counter\" data-id=\"5cbc0729\" data-element_type=\"widget\" data-widget_type=\"counter.default\">\n\t\t\t\t<div class=\"elementor-widget-container\">\n\t\t\t\t\t\t\t<div class=\"elementor-counter\">\n\t\t\t<div class=\"elementor-counter-title\">Awards Winner<\/div>\t\t\t<div class=\"elementor-counter-number-wrapper\">\n\t\t\t\t<span class=\"elementor-counter-number-prefix\"><\/span>\n\t\t\t\t<span class=\"elementor-counter-number\" data-duration=\"2000\" data-to-value=\"235\" data-from-value=\"0\" data-delimiter=\",\">0<\/span>\n\t\t\t\t<span class=\"elementor-counter-number-suffix\">+<\/span>\n\t\t\t<\/div>\n\t\t<\/div>\n\t\t\t\t\t\t<\/div>\n\t\t\t\t<\/div>\n\t\t\t\t\t<\/div>\n\t\t<\/div>\n\t\t\t\t\t<\/div>\n\t\t<\/section>\n\t\t\t\t\t<\/div>\n\t\t<\/div>\n\t\t\t\t\t<\/div>\n\t\t<\/section>\n\t\t\t\t<section class=\"elementor-section elementor-top-section elementor-element elementor-element-353882e9 elementor-section-boxed elementor-section-height-default elementor-section-height-default elementor-invisible\" data-id=\"353882e9\" data-element_type=\"section\" data-settings=\"{&quot;animation&quot;:&quot;fadeInUp&quot;,&quot;_ha_eqh_enable&quot;:false}\">\n\t\t\t\t\t\t<div class=\"elementor-container elementor-column-gap-default\">\n\t\t\t\t\t<div class=\"elementor-column elementor-col-100 elementor-top-column elementor-element elementor-element-6a5283b5\" data-id=\"6a5283b5\" data-element_type=\"column\">\n\t\t\t<div class=\"elementor-widget-wrap elementor-element-populated\">\n\t\t\t\t\t\t<section class=\"elementor-section elementor-inner-section elementor-element elementor-element-76ae8fe2 elementor-section-boxed elementor-section-height-default elementor-section-height-default\" data-id=\"76ae8fe2\" data-element_type=\"section\" data-settings=\"{&quot;_ha_eqh_enable&quot;:false}\">\n\t\t\t\t\t\t<div class=\"elementor-container elementor-column-gap-default\">\n\t\t\t\t\t<div class=\"elementor-column elementor-col-50 elementor-inner-column elementor-element elementor-element-390396a6\" data-id=\"390396a6\" data-element_type=\"column\">\n\t\t\t<div class=\"elementor-widget-wrap elementor-element-populated\">\n\t\t\t\t\t\t<div class=\"elementor-element elementor-element-315a2aaa elementor-widget elementor-widget-heading\" data-id=\"315a2aaa\" data-element_type=\"widget\" data-widget_type=\"heading.default\">\n\t\t\t\t<div class=\"elementor-widget-container\">\n\t\t\t\t\t<h2 class=\"elementor-heading-title elementor-size-default\">Travaux de chaudronnerie, Tuyauterie, Charpent M\u00e9tallique <\/h2>\t\t\t\t<\/div>\n\t\t\t\t<\/div>\n\t\t\t\t<div class=\"elementor-element elementor-element-7934436f elementor-widget elementor-widget-text-editor\" data-id=\"7934436f\" data-element_type=\"widget\" data-widget_type=\"text-editor.default\">\n\t\t\t\t<div class=\"elementor-widget-container\">\n\t\t\t\t\t\t\t\t\t<p>La qualit\u00e9 de nos services de soudure&nbsp; et notre approche personnalis\u00e9e du service client nous distinguent des autres entreprises de soudure. En tant qu&#8217;entreprise, nous sommes en mesure d&#8217;offrir des services de qualit\u00e9 sup\u00e9rieure \u00e0 un prix comp\u00e9titif.<\/p><p><br><\/p>\n<p>Nous avons un bureau d\u2019\u00e9tude pour tous ceux qui est \u00e9tude de projet, de r\u00e9alisation d&#8217;ouvrage m\u00e9tallique cit\u00e9 au-dessus, pour plan 2D et 3D.<\/p><p><br><\/p>\n<p>Nous avons aussi une \u00e9cole de formation en soudage. On forme de future soudeursqui pourront intervenir dans le mileux oil et gaz.<\/p>\n<p>Nous vous garantissons le bienen qualit\u00e9 de vos produits en co\u00fbt et temps pour vos projets.&nbsp;<\/p>\n<p><\/p>\t\t\t\t\t\t\t\t<\/div>\n\t\t\t\t<\/div>\n\t\t\t\t\t<\/div>\n\t\t<\/div>\n\t\t\t\t<div class=\"elementor-column elementor-col-50 elementor-inner-column elementor-element elementor-element-7136f3ea\" data-id=\"7136f3ea\" data-element_type=\"column\">\n\t\t\t<div class=\"elementor-widget-wrap elementor-element-populated\">\n\t\t\t\t\t\t<div class=\"elementor-element elementor-element-6a9feaf8 elementor-widget elementor-widget-image\" data-id=\"6a9feaf8\" data-element_type=\"widget\" data-widget_type=\"image.default\">\n\t\t\t\t<div class=\"elementor-widget-container\">\n\t\t\t\t\t\t\t\t\t\t\t\t\t\t\t<img decoding=\"async\" width=\"640\" height=\"853\" src=\"https:\/\/asuniverselgroup.com\/wp-content\/uploads\/2025\/05\/WhatsApp-Image-2025-02-18-at-20.37.32-1-768x1024.jpeg\" class=\"attachment-large size-large wp-image-240\" alt=\"\" srcset=\"https:\/\/asuniverselgroup.com\/wp-content\/uploads\/2025\/05\/WhatsApp-Image-2025-02-18-at-20.37.32-1-768x1024.jpeg 768w, https:\/\/asuniverselgroup.com\/wp-content\/uploads\/2025\/05\/WhatsApp-Image-2025-02-18-at-20.37.32-1-225x300.jpeg 225w, https:\/\/asuniverselgroup.com\/wp-content\/uploads\/2025\/05\/WhatsApp-Image-2025-02-18-at-20.37.32-1.jpeg 810w\" sizes=\"(max-width: 640px) 100vw, 640px\" \/>\t\t\t\t\t\t\t\t\t\t\t\t\t\t\t<\/div>\n\t\t\t\t<\/div>\n\t\t\t\t\t<\/div>\n\t\t<\/div>\n\t\t\t\t\t<\/div>\n\t\t<\/section>\n\t\t\t\t\t<\/div>\n\t\t<\/div>\n\t\t\t\t\t<\/div>\n\t\t<\/section>\n\t\t\t\t<\/div>\n\t\t","protected":false},"excerpt":{"rendered":"<p>A Propos Nous sommes fiers de r\u00e9soudre tous vos probl\u00e8mes de mani\u00e8re rapide, professionnelle et conviviale. Notre expertise et notre savoir faire permettent de proposer des solutions adapt\u00e9es durables mais \u00e9galement des rev\u00eatements technique et fonctionnel&nbsp; Nos prestations couvrent l&#8217;\u00e9tude,la conception et la fabrication d&#8217;ensemble m\u00e9cano soud\u00e9 de faible a de tr\u00e8s fortes \u00e9paisseur de [&hellip;]<\/p>\n","protected":false},"author":1,"featured_media":0,"parent":0,"menu_order":0,"comment_status":"closed","ping_status":"closed","template":"","meta":{"_bbp_topic_count":0,"_bbp_reply_count":0,"_bbp_total_topic_count":0,"_bbp_total_reply_count":0,"_bbp_voice_count":0,"_bbp_anonymous_reply_count":0,"_bbp_topic_count_hidden":0,"_bbp_reply_count_hidden":0,"_bbp_forum_subforum_count":0,"footnotes":""},"class_list":["post-47","page","type-page","status-publish","hentry"],"yoast_head":"<!-- This site is optimized with the Yoast SEO plugin v25.2 - https:\/\/yoast.com\/wordpress\/plugins\/seo\/ -->\n<title>About Us - asuniverselgroup<\/title>\n<meta name=\"robots\" content=\"index, follow, max-snippet:-1, max-image-preview:large, max-video-preview:-1\" \/>\n<link rel=\"canonical\" href=\"https:\/\/asuniverselgroup.com\/?page_id=47\" \/>\n<meta property=\"og:locale\" content=\"fr_FR\" \/>\n<meta property=\"og:type\" content=\"article\" \/>\n<meta property=\"og:title\" content=\"About Us - asuniverselgroup\" \/>\n<meta property=\"og:description\" content=\"A Propos Nous sommes fiers de r\u00e9soudre tous vos probl\u00e8mes de mani\u00e8re rapide, professionnelle et conviviale. Notre expertise et notre savoir faire permettent de proposer des solutions adapt\u00e9es durables mais \u00e9galement des rev\u00eatements technique et fonctionnel&nbsp; Nos prestations couvrent l&#8217;\u00e9tude,la conception et la fabrication d&#8217;ensemble m\u00e9cano soud\u00e9 de faible a de tr\u00e8s fortes \u00e9paisseur de [&hellip;]\" \/>\n<meta property=\"og:url\" content=\"https:\/\/asuniverselgroup.com\/?page_id=47\" \/>\n<meta property=\"og:site_name\" content=\"asuniverselgroup\" \/>\n<meta property=\"article:modified_time\" content=\"2025-07-13T14:28:55+00:00\" \/>\n<meta property=\"og:image\" content=\"https:\/\/asuniverselgroup.com\/wp-content\/uploads\/2025\/05\/WhatsApp-Image-2025-02-18-at-20.36.41.jpeg\" \/>\n\t<meta property=\"og:image:width\" content=\"810\" \/>\n\t<meta property=\"og:image:height\" content=\"1080\" \/>\n\t<meta property=\"og:image:type\" content=\"image\/jpeg\" \/>\n<meta name=\"twitter:card\" content=\"summary_large_image\" \/>\n<meta name=\"twitter:label1\" content=\"Dur\u00e9e de lecture estim\u00e9e\" \/>\n\t<meta name=\"twitter:data1\" content=\"2 minutes\" \/>\n<script type=\"application\/ld+json\" class=\"yoast-schema-graph\">{\"@context\":\"https:\/\/schema.org\",\"@graph\":[{\"@type\":\"WebPage\",\"@id\":\"https:\/\/asuniverselgroup.com\/?page_id=47\",\"url\":\"https:\/\/asuniverselgroup.com\/?page_id=47\",\"name\":\"About Us - asuniverselgroup\",\"isPartOf\":{\"@id\":\"https:\/\/asuniverselgroup.com\/#website\"},\"primaryImageOfPage\":{\"@id\":\"https:\/\/asuniverselgroup.com\/?page_id=47#primaryimage\"},\"image\":{\"@id\":\"https:\/\/asuniverselgroup.com\/?page_id=47#primaryimage\"},\"thumbnailUrl\":\"http:\/\/asuniverselgroup.com\/wp-content\/uploads\/2025\/05\/WhatsApp-Image-2025-02-18-at-20.36.41-768x1024.jpeg\",\"datePublished\":\"2025-05-05T20:16:21+00:00\",\"dateModified\":\"2025-07-13T14:28:55+00:00\",\"breadcrumb\":{\"@id\":\"https:\/\/asuniverselgroup.com\/?page_id=47#breadcrumb\"},\"inLanguage\":\"fr-FR\",\"potentialAction\":[{\"@type\":\"ReadAction\",\"target\":[\"https:\/\/asuniverselgroup.com\/?page_id=47\"]}]},{\"@type\":\"ImageObject\",\"inLanguage\":\"fr-FR\",\"@id\":\"https:\/\/asuniverselgroup.com\/?page_id=47#primaryimage\",\"url\":\"https:\/\/asuniverselgroup.com\/wp-content\/uploads\/2025\/05\/WhatsApp-Image-2025-02-18-at-20.36.41.jpeg\",\"contentUrl\":\"https:\/\/asuniverselgroup.com\/wp-content\/uploads\/2025\/05\/WhatsApp-Image-2025-02-18-at-20.36.41.jpeg\",\"width\":810,\"height\":1080},{\"@type\":\"BreadcrumbList\",\"@id\":\"https:\/\/asuniverselgroup.com\/?page_id=47#breadcrumb\",\"itemListElement\":[{\"@type\":\"ListItem\",\"position\":1,\"name\":\"Accueil\",\"item\":\"https:\/\/asuniverselgroup.com\/\"},{\"@type\":\"ListItem\",\"position\":2,\"name\":\"About Us\"}]},{\"@type\":\"WebSite\",\"@id\":\"https:\/\/asuniverselgroup.com\/#website\",\"url\":\"https:\/\/asuniverselgroup.com\/\",\"name\":\"asuniverselgroup\",\"description\":\"\",\"publisher\":{\"@id\":\"https:\/\/asuniverselgroup.com\/#organization\"},\"potentialAction\":[{\"@type\":\"SearchAction\",\"target\":{\"@type\":\"EntryPoint\",\"urlTemplate\":\"https:\/\/asuniverselgroup.com\/?s={search_term_string}\"},\"query-input\":{\"@type\":\"PropertyValueSpecification\",\"valueRequired\":true,\"valueName\":\"search_term_string\"}}],\"inLanguage\":\"fr-FR\"},{\"@type\":\"Organization\",\"@id\":\"https:\/\/asuniverselgroup.com\/#organization\",\"name\":\"asuniverselgroup\",\"url\":\"https:\/\/asuniverselgroup.com\/\",\"logo\":{\"@type\":\"ImageObject\",\"inLanguage\":\"fr-FR\",\"@id\":\"https:\/\/asuniverselgroup.com\/#\/schema\/logo\/image\/\",\"url\":\"http:\/\/asuniverselgroup.com\/wp-content\/uploads\/2025\/05\/WhatsApp_Image_2025-02-18_at_19.58.48-removebg-preview.png\",\"contentUrl\":\"http:\/\/asuniverselgroup.com\/wp-content\/uploads\/2025\/05\/WhatsApp_Image_2025-02-18_at_19.58.48-removebg-preview.png\",\"width\":157,\"height\":158,\"caption\":\"asuniverselgroup\"},\"image\":{\"@id\":\"https:\/\/asuniverselgroup.com\/#\/schema\/logo\/image\/\"}}]}<\/script>\n<!-- \/ Yoast SEO plugin. -->","yoast_head_json":{"title":"About Us - asuniverselgroup","robots":{"index":"index","follow":"follow","max-snippet":"max-snippet:-1","max-image-preview":"max-image-preview:large","max-video-preview":"max-video-preview:-1"},"canonical":"https:\/\/asuniverselgroup.com\/?page_id=47","og_locale":"fr_FR","og_type":"article","og_title":"About Us - asuniverselgroup","og_description":"A Propos Nous sommes fiers de r\u00e9soudre tous vos probl\u00e8mes de mani\u00e8re rapide, professionnelle et conviviale. Notre expertise et notre savoir faire permettent de proposer des solutions adapt\u00e9es durables mais \u00e9galement des rev\u00eatements technique et fonctionnel&nbsp; Nos prestations couvrent l&#8217;\u00e9tude,la conception et la fabrication d&#8217;ensemble m\u00e9cano soud\u00e9 de faible a de tr\u00e8s fortes \u00e9paisseur de [&hellip;]","og_url":"https:\/\/asuniverselgroup.com\/?page_id=47","og_site_name":"asuniverselgroup","article_modified_time":"2025-07-13T14:28:55+00:00","og_image":[{"width":810,"height":1080,"url":"https:\/\/asuniverselgroup.com\/wp-content\/uploads\/2025\/05\/WhatsApp-Image-2025-02-18-at-20.36.41.jpeg","type":"image\/jpeg"}],"twitter_card":"summary_large_image","twitter_misc":{"Dur\u00e9e de lecture estim\u00e9e":"2 minutes"},"schema":{"@context":"https:\/\/schema.org","@graph":[{"@type":"WebPage","@id":"https:\/\/asuniverselgroup.com\/?page_id=47","url":"https:\/\/asuniverselgroup.com\/?page_id=47","name":"About Us - asuniverselgroup","isPartOf":{"@id":"https:\/\/asuniverselgroup.com\/#website"},"primaryImageOfPage":{"@id":"https:\/\/asuniverselgroup.com\/?page_id=47#primaryimage"},"image":{"@id":"https:\/\/asuniverselgroup.com\/?page_id=47#primaryimage"},"thumbnailUrl":"http:\/\/asuniverselgroup.com\/wp-content\/uploads\/2025\/05\/WhatsApp-Image-2025-02-18-at-20.36.41-768x1024.jpeg","datePublished":"2025-05-05T20:16:21+00:00","dateModified":"2025-07-13T14:28:55+00:00","breadcrumb":{"@id":"https:\/\/asuniverselgroup.com\/?page_id=47#breadcrumb"},"inLanguage":"fr-FR","potentialAction":[{"@type":"ReadAction","target":["https:\/\/asuniverselgroup.com\/?page_id=47"]}]},{"@type":"ImageObject","inLanguage":"fr-FR","@id":"https:\/\/asuniverselgroup.com\/?page_id=47#primaryimage","url":"https:\/\/asuniverselgroup.com\/wp-content\/uploads\/2025\/05\/WhatsApp-Image-2025-02-18-at-20.36.41.jpeg","contentUrl":"https:\/\/asuniverselgroup.com\/wp-content\/uploads\/2025\/05\/WhatsApp-Image-2025-02-18-at-20.36.41.jpeg","width":810,"height":1080},{"@type":"BreadcrumbList","@id":"https:\/\/asuniverselgroup.com\/?page_id=47#breadcrumb","itemListElement":[{"@type":"ListItem","position":1,"name":"Accueil","item":"https:\/\/asuniverselgroup.com\/"},{"@type":"ListItem","position":2,"name":"About Us"}]},{"@type":"WebSite","@id":"https:\/\/asuniverselgroup.com\/#website","url":"https:\/\/asuniverselgroup.com\/","name":"asuniverselgroup","description":"","publisher":{"@id":"https:\/\/asuniverselgroup.com\/#organization"},"potentialAction":[{"@type":"SearchAction","target":{"@type":"EntryPoint","urlTemplate":"https:\/\/asuniverselgroup.com\/?s={search_term_string}"},"query-input":{"@type":"PropertyValueSpecification","valueRequired":true,"valueName":"search_term_string"}}],"inLanguage":"fr-FR"},{"@type":"Organization","@id":"https:\/\/asuniverselgroup.com\/#organization","name":"asuniverselgroup","url":"https:\/\/asuniverselgroup.com\/","logo":{"@type":"ImageObject","inLanguage":"fr-FR","@id":"https:\/\/asuniverselgroup.com\/#\/schema\/logo\/image\/","url":"http:\/\/asuniverselgroup.com\/wp-content\/uploads\/2025\/05\/WhatsApp_Image_2025-02-18_at_19.58.48-removebg-preview.png","contentUrl":"http:\/\/asuniverselgroup.com\/wp-content\/uploads\/2025\/05\/WhatsApp_Image_2025-02-18_at_19.58.48-removebg-preview.png","width":157,"height":158,"caption":"asuniverselgroup"},"image":{"@id":"https:\/\/asuniverselgroup.com\/#\/schema\/logo\/image\/"}}]}},"_links":{"self":[{"href":"https:\/\/asuniverselgroup.com\/index.php?rest_route=\/wp\/v2\/pages\/47","targetHints":{"allow":["GET"]}}],"collection":[{"href":"https:\/\/asuniverselgroup.com\/index.php?rest_route=\/wp\/v2\/pages"}],"about":[{"href":"https:\/\/asuniverselgroup.com\/index.php?rest_route=\/wp\/v2\/types\/page"}],"author":[{"embeddable":true,"href":"https:\/\/asuniverselgroup.com\/index.php?rest_route=\/wp\/v2\/users\/1"}],"replies":[{"embeddable":true,"href":"https:\/\/asuniverselgroup.com\/index.php?rest_route=%2Fwp%2Fv2%2Fcomments&post=47"}],"version-history":[{"count":27,"href":"https:\/\/asuniverselgroup.com\/index.php?rest_route=\/wp\/v2\/pages\/47\/revisions"}],"predecessor-version":[{"id":538,"href":"https:\/\/asuniverselgroup.com\/index.php?rest_route=\/wp\/v2\/pages\/47\/revisions\/538"}],"wp:attachment":[{"href":"https:\/\/asuniverselgroup.com\/index.php?rest_route=%2Fwp%2Fv2%2Fmedia&parent=47"}],"curies":[{"name":"wp","href":"https:\/\/api.w.org\/{rel}","templated":true}]}}